{"id":56,"date":"2023-09-19T10:29:00","date_gmt":"2023-09-19T08:29:00","guid":{"rendered":"http:\/\/serwer1300555.home.pl\/autoinstalator\/wordpressplugins\/?page_id=56"},"modified":"2024-07-09T09:56:30","modified_gmt":"2024-07-09T07:56:30","slug":"kontakt","status":"publish","type":"page","link":"https:\/\/navigator-polska.com\/fr\/kontakt\/","title":{"rendered":"Contact"},"content":{"rendered":"<div data-elementor-type=\"wp-page\" data-elementor-id=\"56\" class=\"elementor elementor-56\" data-elementor-post-type=\"page\">\n\t\t\t\t<div class=\"elementor-element elementor-element-1e6e130 e-con-full e-flex e-con e-parent\" data-id=\"1e6e130\" data-element_type=\"container\">\n\t\t<div class=\"elementor-element elementor-element-4607f0c e-con-full e-flex e-con e-child\" data-id=\"4607f0c\" data-element_type=\"container\">\n\t\t\t\t<div class=\"elementor-element elementor-element-90f8277 elementor-widget elementor-widget-text-editor\" data-id=\"90f8277\" data-element_type=\"widget\" data-widget_type=\"text-editor.default\">\n\t\t\t\t<div class=\"elementor-widget-container\">\n\t\t\t\t\t\t\t\t\t<h2><strong>CONTACT<\/strong><\/h2><p><strong>Service client\u00e8le<\/strong><strong>\u00a0<\/strong><br \/>mail: biuro@navigator-polska.com<\/p><p><strong>Import\/Export<\/strong><br \/>mail: export@navigator-polska.com<\/p><p><strong>NAVIGATOR M.PILACI\u0143SKI S.K.<\/strong><\/p><p>Ul. Annopol 3<br \/>03-236 Warszawa<\/p><p>NIP 5242840114<br \/>REGON 368336717<br \/>KRS 0000696170<\/p><p>L'entrep\u00f4t est ouvert du lundi au vendredi de 7h00 \u00e0 19h00.<br \/>Bureau ouvert du lundi au vendredi de 7h00 \u00e0 16h00<\/p>\t\t\t\t\t\t\t\t<\/div>\n\t\t\t\t<\/div>\n\t\t\t\t<\/div>\n\t\t<div class=\"elementor-element elementor-element-16afa29 e-con-full e-flex e-con e-child\" data-id=\"16afa29\" data-element_type=\"container\">\n\t\t\t\t<div class=\"elementor-element elementor-element-c197778 elementor-widget elementor-widget-google_maps\" data-id=\"c197778\" data-element_type=\"widget\" data-widget_type=\"google_maps.default\">\n\t\t\t\t<div class=\"elementor-widget-container\">\n\t\t\t\t\t\t\t<div class=\"elementor-custom-embed\">\n\t\t\t<iframe loading=\"lazy\"\n\t\t\t\t\tsrc=\"https:\/\/maps.google.com\/maps?q=Navigator%20M.Pilaci%C5%84ski%20S.K.%20&#038;t=m&#038;z=12&#038;output=embed&#038;iwloc=near\"\n\t\t\t\t\ttitle=\"Navigator M.Pilaci\u0144ski S.K. \"\n\t\t\t\t\taria-label=\"Navigator M.Pilaci\u0144ski S.K. \"\n\t\t\t><\/iframe>\n\t\t<\/div>\n\t\t\t\t\t\t<\/div>\n\t\t\t\t<\/div>\n\t\t\t\t<\/div>\n\t\t\t\t<\/div>\n\t\t<div class=\"elementor-element elementor-element-45f6fe4 e-flex e-con-boxed e-con e-parent\" data-id=\"45f6fe4\" data-element_type=\"container\">\n\t\t\t\t\t<div class=\"e-con-inner\">\n\t\t\t\t<div class=\"elementor-element elementor-element-1db962a elementor-widget-divider--view-line elementor-widget elementor-widget-divider\" data-id=\"1db962a\" data-element_type=\"widget\" data-widget_type=\"divider.default\">\n\t\t\t\t<div class=\"elementor-widget-container\">\n\t\t\t\t\t\t\t<div class=\"elementor-divider\">\n\t\t\t<span class=\"elementor-divider-separator\">\n\t\t\t\t\t\t<\/span>\n\t\t<\/div>\n\t\t\t\t\t\t<\/div>\n\t\t\t\t<\/div>\n\t\t\t\t\t<\/div>\n\t\t\t\t<\/div>\n\t\t<div class=\"elementor-element elementor-element-196db62 e-flex e-con-boxed e-con e-parent\" data-id=\"196db62\" data-element_type=\"container\">\n\t\t\t\t\t<div class=\"e-con-inner\">\n\t\t\t\t<div class=\"elementor-element elementor-element-33b3a3c elementor-widget elementor-widget-heading\" data-id=\"33b3a3c\" data-element_type=\"widget\" data-widget_type=\"heading.default\">\n\t\t\t\t<div class=\"elementor-widget-container\">\n\t\t\t\t\t<h2 class=\"elementor-heading-title elementor-size-default\">Formulaire de contact<\/h2>\t\t\t\t<\/div>\n\t\t\t\t<\/div>\n\t\t\t\t<div class=\"elementor-element elementor-element-eb2f4b9 elementor-button-align-center elementor-widget elementor-widget-form\" data-id=\"eb2f4b9\" data-element_type=\"widget\" data-settings=\"{&quot;step_next_label&quot;:&quot;Nast\\u0119pny&quot;,&quot;step_previous_label&quot;:&quot;Poprzedni&quot;,&quot;button_width&quot;:&quot;100&quot;,&quot;step_type&quot;:&quot;number_text&quot;,&quot;step_icon_shape&quot;:&quot;circle&quot;}\" data-widget_type=\"form.default\">\n\t\t\t\t<div class=\"elementor-widget-container\">\n\t\t\t\t\t\t\t<form class=\"elementor-form\" method=\"post\" name=\"Nowy formularz\" action=\"\">\n\t\t\t<input type=\"hidden\" name=\"post_id\" value=\"56\"\/>\n\t\t\t<input type=\"hidden\" name=\"form_id\" value=\"eb2f4b9\"\/>\n\t\t\t<input type=\"hidden\" name=\"referer_title\" value=\"Navigator Polska - Wiele marek w jednym miejscu\" \/>\n\n\t\t\t\t\t\t\t<input type=\"hidden\" name=\"queried_id\" value=\"56\"\/>\n\t\t\t\n\t\t\t<div class=\"elementor-form-fields-wrapper elementor-labels-above\">\n\t\t\t\t\t\t\t\t<div class=\"elementor-field-type-text elementor-field-group elementor-column elementor-field-group-name elementor-col-100 elementor-field-required\">\n\t\t\t\t\t\t\t\t\t\t\t\t<label for=\"form-field-name\" class=\"elementor-field-label\">\n\t\t\t\t\t\t\t\tEntreprise\t\t\t\t\t\t\t<\/label>\n\t\t\t\t\t\t\t\t\t\t\t\t\t\t<input size=\"1\" type=\"text\" name=\"form_fields[name]\" id=\"form-field-name\" class=\"elementor-field elementor-size-sm  elementor-field-textual\" placeholder=\"Nom\" required=\"required\" aria-required=\"true\">\n\t\t\t\t\t\t\t\t\t\t\t<\/div>\n\t\t\t\t\t\t\t\t<div class=\"elementor-field-type-email elementor-field-group elementor-column elementor-field-group-email elementor-col-100 elementor-field-required\">\n\t\t\t\t\t\t\t\t\t\t\t\t<label for=\"form-field-email\" class=\"elementor-field-label\">\n\t\t\t\t\t\t\t\tE-mail\t\t\t\t\t\t\t<\/label>\n\t\t\t\t\t\t\t\t\t\t\t\t\t\t<input size=\"1\" type=\"email\" name=\"form_fields[email]\" id=\"form-field-email\" class=\"elementor-field elementor-size-sm  elementor-field-textual\" placeholder=\"E-mail\" required=\"required\" aria-required=\"true\">\n\t\t\t\t\t\t\t\t\t\t\t<\/div>\n\t\t\t\t\t\t\t\t<div class=\"elementor-field-type-textarea elementor-field-group elementor-column elementor-field-group-message elementor-col-100 elementor-field-required\">\n\t\t\t\t\t\t\t\t\t\t\t\t<label for=\"form-field-message\" class=\"elementor-field-label\">\n\t\t\t\t\t\t\t\tMessage\t\t\t\t\t\t\t<\/label>\n\t\t\t\t\t\t<textarea class=\"elementor-field-textual elementor-field  elementor-size-sm\" name=\"form_fields[message]\" id=\"form-field-message\" rows=\"4\" placeholder=\"Message\" required=\"required\" aria-required=\"true\"><\/textarea>\t\t\t\t<\/div>\n\t\t\t\t\t\t\t\t<div class=\"elementor-field-type-recaptcha_v3 elementor-field-group elementor-column elementor-field-group-field_885794e elementor-col-100 recaptcha_v3-bottomleft\">\n\t\t\t\t\t<div class=\"elementor-field\" id=\"form-field-field_885794e\"><div class=\"elementor-g-recaptcha\" data-sitekey=\"6LeZs-8pAAAAAOqG-AujZmFFUKidu5tD43NnXqdS\" data-type=\"v3\" data-action=\"Form\" data-badge=\"bottomleft\" data-size=\"invisible\"><\/div><\/div>\t\t\t\t<\/div>\n\t\t\t\t\t\t\t\t<div class=\"elementor-field-group elementor-column elementor-field-type-submit elementor-col-100 e-form__buttons\">\n\t\t\t\t\t<button class=\"elementor-button elementor-size-sm elementor-animation-grow\" type=\"submit\">\n\t\t\t\t\t\t<span class=\"elementor-button-content-wrapper\">\n\t\t\t\t\t\t\t\t\t\t\t\t\t\t\t\t\t\t\t\t\t\t<span class=\"elementor-button-text\">Envoyer<\/span>\n\t\t\t\t\t\t\t\t\t\t\t\t\t<\/span>\n\t\t\t\t\t<\/button>\n\t\t\t\t<\/div>\n\t\t\t<\/div>\n\t\t<input type=\"hidden\" name=\"trp-form-language\" value=\"fr\"\/><\/form>\n\t\t\t\t\t\t<\/div>\n\t\t\t\t<\/div>\n\t\t\t\t\t<\/div>\n\t\t\t\t<\/div>\n\t\t<div class=\"elementor-element elementor-element-f8a1046 e-flex e-con-boxed e-con e-parent\" data-id=\"f8a1046\" data-element_type=\"container\">\n\t\t\t\t\t<div class=\"e-con-inner\">\n\t\t\t\t<div class=\"elementor-element elementor-element-4723075 elementor-widget-divider--view-line elementor-widget elementor-widget-divider\" data-id=\"4723075\" data-element_type=\"widget\" data-widget_type=\"divider.default\">\n\t\t\t\t<div class=\"elementor-widget-container\">\n\t\t\t\t\t\t\t<div class=\"elementor-divider\">\n\t\t\t<span class=\"elementor-divider-separator\">\n\t\t\t\t\t\t<\/span>\n\t\t<\/div>\n\t\t\t\t\t\t<\/div>\n\t\t\t\t<\/div>\n\t\t\t\t\t<\/div>\n\t\t\t\t<\/div>\n\t\t<div class=\"elementor-element elementor-element-44d0642 e-flex e-con-boxed e-con e-parent\" data-id=\"44d0642\" data-element_type=\"container\">\n\t\t\t\t\t<div class=\"e-con-inner\">\n\t\t\t\t<div class=\"elementor-element elementor-element-e198baf elementor-widget elementor-widget-text-editor\" data-id=\"e198baf\" data-element_type=\"widget\" data-widget_type=\"text-editor.default\">\n\t\t\t\t<div class=\"elementor-widget-container\">\n\t\t\t\t\t\t\t\t\t<p>La soci\u00e9t\u00e9 NAVIGATOR M.PILACI\u0143SKI S.K. bas\u00e9 \u00e0 ul. Annopol 3 \u00e0 Varsovie (03-236) est inscrite au registre des entreprises tenu par le tribunal de district de la capitale Varsovie \u00e0 Varsovie, 12e division commerciale du registre judiciaire national, sous le num\u00e9ro 0000696170, NIP 5242840114, REGON 368336717, EORI PL524284011400000, REX PLREX39000023 5409, BDO 000525612 au capital social 5 000,00 PLN.<\/p>\t\t\t\t\t\t\t\t<\/div>\n\t\t\t\t<\/div>\n\t\t\t\t\t<\/div>\n\t\t\t\t<\/div>\n\t\t\t\t<\/div>","protected":false},"excerpt":{"rendered":"<p>KONTAKT Biuro obs\u0142ugi klienta\u00a0mail: biuro@navigator-polska.com Dzia\u0142 Import\/Exportmail: export@navigator-polska.com NAVIGATOR M.PILACI\u0143SKI S.K. Ul. Annopol 303-236 Warszawa NIP 5242840114REGON 368336717KRS 0000696170 Magazyn czynny pon-pt w godz. 7.00-19.00Biuro czynne pon-pt w godz. 7.00-16.00 Formularz kontaktowy Firma NAVIGATOR M.PILACI\u0143SKI S.K. z siedzib\u0105 przy ul. Annopol 3 w Warszawie (03-236) wpisana jest do rejestru przedsi\u0119biorstw prowadzonego przez S\u0105d Rejonowy dla&#8230;<\/p>","protected":false},"author":2,"featured_media":0,"parent":0,"menu_order":0,"comment_status":"closed","ping_status":"closed","template":"","meta":{"footnotes":""},"class_list":["post-56","page","type-page","status-publish","hentry"],"yoast_head":"<!-- This site is optimized with the Yoast SEO plugin v24.3 - https:\/\/yoast.com\/wordpress\/plugins\/seo\/ -->\n<title>Navigator Polska - Wiele marek w jednym miejscu<\/title>\n<meta name=\"robots\" content=\"index, follow, max-snippet:-1, max-image-preview:large, max-video-preview:-1\" \/>\n<link rel=\"canonical\" href=\"https:\/\/navigator-polska.com\/fr\/kontakt\/\" \/>\n<meta property=\"og:locale\" content=\"fr_FR\" \/>\n<meta property=\"og:type\" content=\"article\" \/>\n<meta property=\"og:title\" content=\"Navigator Polska - Wiele marek w jednym miejscu\" \/>\n<meta property=\"og:description\" content=\"KONTAKT Biuro obs\u0142ugi klienta\u00a0mail: biuro@navigator-polska.com Dzia\u0142 Import\/Exportmail: export@navigator-polska.com NAVIGATOR M.PILACI\u0143SKI S.K. Ul. Annopol 303-236 Warszawa NIP 5242840114REGON 368336717KRS 0000696170 Magazyn czynny pon-pt w godz. 7.00-19.00Biuro czynne pon-pt w godz. 7.00-16.00 Formularz kontaktowy Firma NAVIGATOR M.PILACI\u0143SKI S.K. z siedzib\u0105 przy ul. Annopol 3 w Warszawie (03-236) wpisana jest do rejestru przedsi\u0119biorstw prowadzonego przez S\u0105d Rejonowy dla...\" \/>\n<meta property=\"og:url\" content=\"https:\/\/navigator-polska.com\/fr\/kontakt\/\" \/>\n<meta property=\"og:site_name\" content=\"Navigator Polska\" \/>\n<meta property=\"article:modified_time\" content=\"2024-07-09T07:56:30+00:00\" \/>\n<meta name=\"twitter:card\" content=\"summary_large_image\" \/>\n<meta name=\"twitter:label1\" content=\"Dur\u00e9e de lecture estim\u00e9e\" \/>\n\t<meta name=\"twitter:data1\" content=\"1 minute\" \/>\n<script type=\"application\/ld+json\" class=\"yoast-schema-graph\">{\"@context\":\"https:\/\/schema.org\",\"@graph\":[{\"@type\":\"WebPage\",\"@id\":\"https:\/\/navigator-polska.com\/kontakt\/\",\"url\":\"https:\/\/navigator-polska.com\/kontakt\/\",\"name\":\"Navigator Polska - Wiele marek w jednym miejscu\",\"isPartOf\":{\"@id\":\"https:\/\/navigator-polska.com\/#website\"},\"datePublished\":\"2023-09-19T08:29:00+00:00\",\"dateModified\":\"2024-07-09T07:56:30+00:00\",\"breadcrumb\":{\"@id\":\"https:\/\/navigator-polska.com\/kontakt\/#breadcrumb\"},\"inLanguage\":\"fr-FR\",\"potentialAction\":[{\"@type\":\"ReadAction\",\"target\":[\"https:\/\/navigator-polska.com\/kontakt\/\"]}]},{\"@type\":\"BreadcrumbList\",\"@id\":\"https:\/\/navigator-polska.com\/kontakt\/#breadcrumb\",\"itemListElement\":[{\"@type\":\"ListItem\",\"position\":1,\"name\":\"Home\",\"item\":\"https:\/\/navigator-polska.com\/\"},{\"@type\":\"ListItem\",\"position\":2,\"name\":\"Kontakt\"}]},{\"@type\":\"WebSite\",\"@id\":\"https:\/\/navigator-polska.com\/#website\",\"url\":\"https:\/\/navigator-polska.com\/\",\"name\":\"Navigator Polska\",\"description\":\"Wiele marek w jednym miejscu\",\"publisher\":{\"@id\":\"https:\/\/navigator-polska.com\/#organization\"},\"potentialAction\":[{\"@type\":\"SearchAction\",\"target\":{\"@type\":\"EntryPoint\",\"urlTemplate\":\"https:\/\/navigator-polska.com\/?s={search_term_string}\"},\"query-input\":{\"@type\":\"PropertyValueSpecification\",\"valueRequired\":true,\"valueName\":\"search_term_string\"}}],\"inLanguage\":\"fr-FR\"},{\"@type\":\"Organization\",\"@id\":\"https:\/\/navigator-polska.com\/#organization\",\"name\":\"Navigator Polska\",\"url\":\"https:\/\/navigator-polska.com\/\",\"logo\":{\"@type\":\"ImageObject\",\"inLanguage\":\"fr-FR\",\"@id\":\"https:\/\/navigator-polska.com\/#\/schema\/logo\/image\/\",\"url\":\"https:\/\/navigator-polska.com\/wp-content\/uploads\/2023\/09\/logo-1.png\",\"contentUrl\":\"https:\/\/navigator-polska.com\/wp-content\/uploads\/2023\/09\/logo-1.png\",\"width\":1575,\"height\":442,\"caption\":\"Navigator Polska\"},\"image\":{\"@id\":\"https:\/\/navigator-polska.com\/#\/schema\/logo\/image\/\"}}]}<\/script>\n<!-- \/ Yoast SEO plugin. -->","yoast_head_json":{"title":"Navigator Polska - Wiele marek w jednym miejscu","robots":{"index":"index","follow":"follow","max-snippet":"max-snippet:-1","max-image-preview":"max-image-preview:large","max-video-preview":"max-video-preview:-1"},"canonical":"https:\/\/navigator-polska.com\/fr\/kontakt\/","og_locale":"fr_FR","og_type":"article","og_title":"Navigator Polska - Wiele marek w jednym miejscu","og_description":"KONTAKT Biuro obs\u0142ugi klienta\u00a0mail: biuro@navigator-polska.com Dzia\u0142 Import\/Exportmail: export@navigator-polska.com NAVIGATOR M.PILACI\u0143SKI S.K. Ul. Annopol 303-236 Warszawa NIP 5242840114REGON 368336717KRS 0000696170 Magazyn czynny pon-pt w godz. 7.00-19.00Biuro czynne pon-pt w godz. 7.00-16.00 Formularz kontaktowy Firma NAVIGATOR M.PILACI\u0143SKI S.K. z siedzib\u0105 przy ul. Annopol 3 w Warszawie (03-236) wpisana jest do rejestru przedsi\u0119biorstw prowadzonego przez S\u0105d Rejonowy dla...","og_url":"https:\/\/navigator-polska.com\/fr\/kontakt\/","og_site_name":"Navigator Polska","article_modified_time":"2024-07-09T07:56:30+00:00","twitter_card":"summary_large_image","twitter_misc":{"Dur\u00e9e de lecture estim\u00e9e":"1 minute"},"schema":{"@context":"https:\/\/schema.org","@graph":[{"@type":"WebPage","@id":"https:\/\/navigator-polska.com\/kontakt\/","url":"https:\/\/navigator-polska.com\/kontakt\/","name":"Navigator Polska - Wiele marek w jednym miejscu","isPartOf":{"@id":"https:\/\/navigator-polska.com\/#website"},"datePublished":"2023-09-19T08:29:00+00:00","dateModified":"2024-07-09T07:56:30+00:00","breadcrumb":{"@id":"https:\/\/navigator-polska.com\/kontakt\/#breadcrumb"},"inLanguage":"fr-FR","potentialAction":[{"@type":"ReadAction","target":["https:\/\/navigator-polska.com\/kontakt\/"]}]},{"@type":"BreadcrumbList","@id":"https:\/\/navigator-polska.com\/kontakt\/#breadcrumb","itemListElement":[{"@type":"ListItem","position":1,"name":"Home","item":"https:\/\/navigator-polska.com\/"},{"@type":"ListItem","position":2,"name":"Kontakt"}]},{"@type":"WebSite","@id":"https:\/\/navigator-polska.com\/#website","url":"https:\/\/navigator-polska.com\/","name":"Navigator Polska","description":"Wiele marek w jednym miejscu","publisher":{"@id":"https:\/\/navigator-polska.com\/#organization"},"potentialAction":[{"@type":"SearchAction","target":{"@type":"EntryPoint","urlTemplate":"https:\/\/navigator-polska.com\/?s={search_term_string}"},"query-input":{"@type":"PropertyValueSpecification","valueRequired":true,"valueName":"search_term_string"}}],"inLanguage":"fr-FR"},{"@type":"Organization","@id":"https:\/\/navigator-polska.com\/#organization","name":"Navigator Polska","url":"https:\/\/navigator-polska.com\/","logo":{"@type":"ImageObject","inLanguage":"fr-FR","@id":"https:\/\/navigator-polska.com\/#\/schema\/logo\/image\/","url":"https:\/\/navigator-polska.com\/wp-content\/uploads\/2023\/09\/logo-1.png","contentUrl":"https:\/\/navigator-polska.com\/wp-content\/uploads\/2023\/09\/logo-1.png","width":1575,"height":442,"caption":"Navigator Polska"},"image":{"@id":"https:\/\/navigator-polska.com\/#\/schema\/logo\/image\/"}}]}},"_links":{"self":[{"href":"https:\/\/navigator-polska.com\/fr\/wp-json\/wp\/v2\/pages\/56","targetHints":{"allow":["GET"]}}],"collection":[{"href":"https:\/\/navigator-polska.com\/fr\/wp-json\/wp\/v2\/pages"}],"about":[{"href":"https:\/\/navigator-polska.com\/fr\/wp-json\/wp\/v2\/types\/page"}],"author":[{"embeddable":true,"href":"https:\/\/navigator-polska.com\/fr\/wp-json\/wp\/v2\/users\/2"}],"replies":[{"embeddable":true,"href":"https:\/\/navigator-polska.com\/fr\/wp-json\/wp\/v2\/comments?post=56"}],"version-history":[{"count":109,"href":"https:\/\/navigator-polska.com\/fr\/wp-json\/wp\/v2\/pages\/56\/revisions"}],"predecessor-version":[{"id":1410,"href":"https:\/\/navigator-polska.com\/fr\/wp-json\/wp\/v2\/pages\/56\/revisions\/1410"}],"wp:attachment":[{"href":"https:\/\/navigator-polska.com\/fr\/wp-json\/wp\/v2\/media?parent=56"}],"curies":[{"name":"wp","href":"https:\/\/api.w.org\/{rel}","templated":true}]}}