{"id":132,"date":"2023-09-21T10:35:20","date_gmt":"2023-09-21T08:35:20","guid":{"rendered":"http:\/\/serwer1300555.home.pl\/autoinstalator\/wordpressplugins\/?page_id=132"},"modified":"2024-08-14T12:46:54","modified_gmt":"2024-08-14T10:46:54","slug":"onas","status":"publish","type":"page","link":"https:\/\/navigator-polska.com\/fr\/onas\/","title":{"rendered":"\u00c0 propos de nous"},"content":{"rendered":"<div data-elementor-type=\"wp-page\" data-elementor-id=\"132\" class=\"elementor elementor-132\" data-elementor-post-type=\"page\">\n\t\t\t\t<div class=\"elementor-element elementor-element-3c1346d e-flex e-con-boxed e-con e-parent\" data-id=\"3c1346d\" data-element_type=\"container\">\n\t\t\t\t\t<div class=\"e-con-inner\">\n\t\t<div class=\"elementor-element elementor-element-5edccfa e-con-full e-flex e-con e-child\" data-id=\"5edccfa\" data-element_type=\"container\">\n\t\t\t\t<div class=\"elementor-element elementor-element-5b04f96 elementor-widget elementor-widget-text-editor\" data-id=\"5b04f96\" data-element_type=\"widget\" data-widget_type=\"text-editor.default\">\n\t\t\t\t<div class=\"elementor-widget-container\">\n\t\t\t\t\t\t\t\t\t<p><strong>Navigator Polska<\/strong> s'impose depuis des ann\u00e9es sur le march\u00e9 polonais de la grande distribution. Dirig\u00e9e par Marcin Pilaci\u0144ski, l'entreprise est l'un des distributeurs les plus reconnaissables dans le domaine de la FMCG. Fond\u00e9e en 2012, l'entreprise n'a cess\u00e9e de se positionner de mieux en mieux sur le march\u00e9 des biens de grande consommation. Elle a \u00e9t\u00e9 reconnue, entre autres, par Business Gazelles et Forbes Diamonds. Son r\u00e9seau de client comprend : les grossistes, les sous-boutiques, les magasins, la GMS et les cash&amp;carry. Son portefeuille comprend des cat\u00e9gories de produits telles que le caf\u00e9, le th\u00e9, les boissons, les boissons \u00e9nerg\u00e9tiques, les produits culinaires, les produits DPH et l'alcool.<\/p>\t\t\t\t\t\t\t\t<\/div>\n\t\t\t\t<\/div>\n\t\t\t\t<\/div>\n\t\t<div class=\"elementor-element elementor-element-b3f301a e-con-full e-flex e-con e-child\" data-id=\"b3f301a\" data-element_type=\"container\">\n\t\t\t\t<div class=\"elementor-element elementor-element-9768965 elementor-widget elementor-widget-image\" data-id=\"9768965\" data-element_type=\"widget\" data-widget_type=\"image.default\">\n\t\t\t\t<div class=\"elementor-widget-container\">\n\t\t\t\t\t\t\t\t\t\t\t\t\t\t\t<img fetchpriority=\"high\" decoding=\"async\" width=\"1536\" height=\"864\" src=\"https:\/\/navigator-polska.com\/wp-content\/uploads\/2023\/10\/biuro-tlo-1536x864.png\" class=\"attachment-1536x1536 size-1536x1536 wp-image-803\" alt=\"\" srcset=\"https:\/\/navigator-polska.com\/wp-content\/uploads\/2023\/10\/biuro-tlo-1536x864.png 1536w, https:\/\/navigator-polska.com\/wp-content\/uploads\/2023\/10\/biuro-tlo-300x169.png 300w, https:\/\/navigator-polska.com\/wp-content\/uploads\/2023\/10\/biuro-tlo-1024x576.png 1024w, https:\/\/navigator-polska.com\/wp-content\/uploads\/2023\/10\/biuro-tlo-768x432.png 768w, https:\/\/navigator-polska.com\/wp-content\/uploads\/2023\/10\/biuro-tlo.png 1920w\" sizes=\"(max-width: 1536px) 100vw, 1536px\" \/>\t\t\t\t\t\t\t\t\t\t\t\t\t\t\t<\/div>\n\t\t\t\t<\/div>\n\t\t\t\t<\/div>\n\t\t\t\t\t<\/div>\n\t\t\t\t<\/div>\n\t\t<div class=\"elementor-element elementor-element-a91664c e-flex e-con-boxed e-con e-parent\" data-id=\"a91664c\" data-element_type=\"container\">\n\t\t\t\t\t<div class=\"e-con-inner\">\n\t\t<div class=\"elementor-element elementor-element-bc57f29 e-con-full e-flex e-con e-child\" data-id=\"bc57f29\" data-element_type=\"container\">\n\t\t\t\t<div class=\"elementor-element elementor-element-af1d8d3 elementor-widget elementor-widget-image\" data-id=\"af1d8d3\" data-element_type=\"widget\" data-widget_type=\"image.default\">\n\t\t\t\t<div class=\"elementor-widget-container\">\n\t\t\t\t\t\t\t\t\t\t\t\t\t\t\t<img decoding=\"async\" width=\"2560\" height=\"1920\" src=\"https:\/\/navigator-polska.com\/wp-content\/uploads\/2023\/10\/IMG_2555-1-scaled.jpg\" class=\"attachment-full size-full wp-image-949\" alt=\"\" srcset=\"https:\/\/navigator-polska.com\/wp-content\/uploads\/2023\/10\/IMG_2555-1-scaled.jpg 2560w, https:\/\/navigator-polska.com\/wp-content\/uploads\/2023\/10\/IMG_2555-1-300x225.jpg 300w, https:\/\/navigator-polska.com\/wp-content\/uploads\/2023\/10\/IMG_2555-1-1024x768.jpg 1024w, https:\/\/navigator-polska.com\/wp-content\/uploads\/2023\/10\/IMG_2555-1-768x576.jpg 768w, https:\/\/navigator-polska.com\/wp-content\/uploads\/2023\/10\/IMG_2555-1-1536x1152.jpg 1536w, https:\/\/navigator-polska.com\/wp-content\/uploads\/2023\/10\/IMG_2555-1-2048x1536.jpg 2048w\" sizes=\"(max-width: 2560px) 100vw, 2560px\" \/>\t\t\t\t\t\t\t\t\t\t\t\t\t\t\t<\/div>\n\t\t\t\t<\/div>\n\t\t\t\t<\/div>\n\t\t<div class=\"elementor-element elementor-element-b6cb854 e-con-full e-flex e-con e-child\" data-id=\"b6cb854\" data-element_type=\"container\">\n\t\t\t\t<div class=\"elementor-element elementor-element-55d74dc elementor-widget elementor-widget-text-editor\" data-id=\"55d74dc\" data-element_type=\"widget\" data-widget_type=\"text-editor.default\">\n\t\t\t\t<div class=\"elementor-widget-container\">\n\t\t\t\t\t\t\t\t\t<p>L'envie d'\u00e9largir nos connaissances et gamme sur cette derni\u00e8re cat\u00e9gorie, a conduit \u00e0 la naissance d'un nouveau projet. Gr\u00e2ce \u00e0 ces nombreuses ann\u00e9es d'exp\u00e9rience combin\u00e9es aux besoins du march\u00e9 polonais en pleine croissance, la marque - Spirit Depot - est n\u00e9e en 2020 - une offre large d'alcools du monde entier avec des ar\u00f4mes et des saveurs de plus en plus meilleurs, rares et int\u00e9ressants dans leur structure. Comme dit le proverbe \u00abtout sauf l'ordinaire\u00bb.<\/p>\t\t\t\t\t\t\t\t<\/div>\n\t\t\t\t<\/div>\n\t\t\t\t<\/div>\n\t\t\t\t\t<\/div>\n\t\t\t\t<\/div>\n\t\t<div class=\"elementor-element elementor-element-78a8cee e-flex e-con-boxed e-con e-parent\" data-id=\"78a8cee\" data-element_type=\"container\">\n\t\t\t\t\t<div class=\"e-con-inner\">\n\t\t<div class=\"elementor-element elementor-element-1c2bf3a e-con-full e-flex e-con e-child\" data-id=\"1c2bf3a\" data-element_type=\"container\">\n\t\t\t\t<div class=\"elementor-element elementor-element-ad2270b elementor-widget elementor-widget-text-editor\" data-id=\"ad2270b\" data-element_type=\"widget\" data-widget_type=\"text-editor.default\">\n\t\t\t\t<div class=\"elementor-widget-container\">\n\t\t\t\t\t\t\t\t\t<p>Depuis le d\u00e9but, l'entreprise veille \u00e0 une approche individuelle de chaque client. Un service rapide et complet ainsi que la satisfaction du client sont les valeurs et l'\u00e9l\u00e9ment motivateur de chaque employ\u00e9 chez Navigator. Une s\u00e9lection d'employ\u00e9s appropri\u00e9s pour qui travailler dans le secteur de la FMCG est une passion, conduit invariablement au succ\u00e8s. Des personnes motiv\u00e9es, qui se sentent bien dans leur travail, appr\u00e9cient et se soucient de leurs clients, sont la quintessence de nos r\u00e9alisations jusqu'\u00e0 ce jour. Navigator dispose de son propre entrep\u00f4t bien approvisionn\u00e9, de sa propre flotte, ce qui nous permet d'\u00eatre r\u00e9actif et de livrer rapidement.<\/p>\t\t\t\t\t\t\t\t<\/div>\n\t\t\t\t<\/div>\n\t\t\t\t<\/div>\n\t\t<div class=\"elementor-element elementor-element-aa35939 e-con-full e-flex e-con e-child\" data-id=\"aa35939\" data-element_type=\"container\">\n\t\t\t\t<div class=\"elementor-element elementor-element-b1b1f10 elementor-widget elementor-widget-image\" data-id=\"b1b1f10\" data-element_type=\"widget\" data-widget_type=\"image.default\">\n\t\t\t\t<div class=\"elementor-widget-container\">\n\t\t\t\t\t\t\t\t\t\t\t\t\t\t\t<img decoding=\"async\" src=\"https:\/\/navigator-polska.com\/wp-content\/uploads\/elementor\/thumbs\/IMG_2972-1-scaled-qcldhgrb96nlxl5a99hw3ofiaxglk9k2co6m5muffk.jpg\" title=\"IMG_2972-1\" alt=\"IMG_2972-1\" loading=\"lazy\" \/>\t\t\t\t\t\t\t\t\t\t\t\t\t\t\t<\/div>\n\t\t\t\t<\/div>\n\t\t\t\t<\/div>\n\t\t\t\t\t<\/div>\n\t\t\t\t<\/div>\n\t\t<div class=\"elementor-element elementor-element-b7c3bcb e-flex e-con-boxed e-con e-parent\" data-id=\"b7c3bcb\" data-element_type=\"container\">\n\t\t\t\t\t<div class=\"e-con-inner\">\n\t\t<div class=\"elementor-element elementor-element-954296e e-con-full e-flex e-con e-child\" data-id=\"954296e\" data-element_type=\"container\">\n\t\t\t\t<div class=\"elementor-element elementor-element-ab946eb elementor-widget elementor-widget-heading\" data-id=\"ab946eb\" data-element_type=\"widget\" data-widget_type=\"heading.default\">\n\t\t\t\t<div class=\"elementor-widget-container\">\n\t\t\t\t\t<h2 class=\"elementor-heading-title elementor-size-default\">VOUS SOUHAITEZ EN SAVOIR PLUS SUR NOUS ? <\/h2>\t\t\t\t<\/div>\n\t\t\t\t<\/div>\n\t\t\t\t<div class=\"elementor-element elementor-element-9384839 elementor-align-center elementor-widget elementor-widget-button\" data-id=\"9384839\" data-element_type=\"widget\" data-widget_type=\"button.default\">\n\t\t\t\t<div class=\"elementor-widget-container\">\n\t\t\t\t\t\t\t\t\t<div class=\"elementor-button-wrapper\">\n\t\t\t\t\t<a class=\"elementor-button elementor-button-link elementor-size-sm elementor-animation-shrink\" href=\"https:\/\/navigator-polska.com\/wp-content\/uploads\/2024\/08\/Navigator-prezentacja-PL_compressed.pdf\" target=\"_blank\">\n\t\t\t\t\t\t<span class=\"elementor-button-content-wrapper\">\n\t\t\t\t\t\t\t\t\t<span class=\"elementor-button-text\">PR\u00c9SENTATION<\/span>\n\t\t\t\t\t<\/span>\n\t\t\t\t\t<\/a>\n\t\t\t\t<\/div>\n\t\t\t\t\t\t\t\t<\/div>\n\t\t\t\t<\/div>\n\t\t\t\t<\/div>\n\t\t\t\t\t<\/div>\n\t\t\t\t<\/div>\n\t\t\t\t<\/div>","protected":false},"excerpt":{"rendered":"<p>Navigator Polska od lat zaznacza istnienie swojej marki na polskim rynku handlowym. Firma pod wodz\u0105 Marcina Pilaci\u0144skiego jest jednym z najbardziej rozpoznawalnych dystrybutor\u00f3w FMCG, czyli Fast Movins Consumer Goods \u2013 produkt\u00f3w szybkozbywalnych. Powsta\u0142a w 2012 roku firma systematycznie osi\u0105ga coraz to lepsz\u0105 pozycj\u0119 na rynku FMCG. Zosta\u0142a doceniona m.in. przez Gazele Biznesu oraz Diamenty Forbesa&#8230;.<\/p>","protected":false},"author":2,"featured_media":0,"parent":0,"menu_order":0,"comment_status":"closed","ping_status":"closed","template":"","meta":{"footnotes":""},"class_list":["post-132","page","type-page","status-publish","hentry"],"yoast_head":"<!-- This site is optimized with the Yoast SEO plugin v24.3 - https:\/\/yoast.com\/wordpress\/plugins\/seo\/ -->\n<title>Navigator Polska - Wiele marek w jednym miejscu<\/title>\n<meta name=\"robots\" content=\"index, follow, max-snippet:-1, max-image-preview:large, max-video-preview:-1\" \/>\n<link rel=\"canonical\" href=\"https:\/\/navigator-polska.com\/fr\/onas\/\" \/>\n<meta property=\"og:locale\" content=\"fr_FR\" \/>\n<meta property=\"og:type\" content=\"article\" \/>\n<meta property=\"og:title\" content=\"Navigator Polska - Wiele marek w jednym miejscu\" \/>\n<meta property=\"og:description\" content=\"Navigator Polska od lat zaznacza istnienie swojej marki na polskim rynku handlowym. Firma pod wodz\u0105 Marcina Pilaci\u0144skiego jest jednym z najbardziej rozpoznawalnych dystrybutor\u00f3w FMCG, czyli Fast Movins Consumer Goods \u2013 produkt\u00f3w szybkozbywalnych. Powsta\u0142a w 2012 roku firma systematycznie osi\u0105ga coraz to lepsz\u0105 pozycj\u0119 na rynku FMCG. Zosta\u0142a doceniona m.in. przez Gazele Biznesu oraz Diamenty Forbesa....\" \/>\n<meta property=\"og:url\" content=\"https:\/\/navigator-polska.com\/fr\/onas\/\" \/>\n<meta property=\"og:site_name\" content=\"Navigator Polska\" \/>\n<meta property=\"article:modified_time\" content=\"2024-08-14T10:46:54+00:00\" \/>\n<meta property=\"og:image\" content=\"https:\/\/navigator-polska.com\/wp-content\/uploads\/2023\/10\/biuro-tlo-1536x864.png\" \/>\n<meta name=\"twitter:card\" content=\"summary_large_image\" \/>\n<meta name=\"twitter:label1\" content=\"Dur\u00e9e de lecture estim\u00e9e\" \/>\n\t<meta name=\"twitter:data1\" content=\"3 minutes\" \/>\n<script type=\"application\/ld+json\" class=\"yoast-schema-graph\">{\"@context\":\"https:\/\/schema.org\",\"@graph\":[{\"@type\":\"WebPage\",\"@id\":\"https:\/\/navigator-polska.com\/onas\/\",\"url\":\"https:\/\/navigator-polska.com\/onas\/\",\"name\":\"Navigator Polska - Wiele marek w jednym miejscu\",\"isPartOf\":{\"@id\":\"https:\/\/navigator-polska.com\/#website\"},\"primaryImageOfPage\":{\"@id\":\"https:\/\/navigator-polska.com\/onas\/#primaryimage\"},\"image\":{\"@id\":\"https:\/\/navigator-polska.com\/onas\/#primaryimage\"},\"thumbnailUrl\":\"https:\/\/navigator-polska.com\/wp-content\/uploads\/2023\/10\/biuro-tlo-1536x864.png\",\"datePublished\":\"2023-09-21T08:35:20+00:00\",\"dateModified\":\"2024-08-14T10:46:54+00:00\",\"breadcrumb\":{\"@id\":\"https:\/\/navigator-polska.com\/onas\/#breadcrumb\"},\"inLanguage\":\"fr-FR\",\"potentialAction\":[{\"@type\":\"ReadAction\",\"target\":[\"https:\/\/navigator-polska.com\/onas\/\"]}]},{\"@type\":\"ImageObject\",\"inLanguage\":\"fr-FR\",\"@id\":\"https:\/\/navigator-polska.com\/onas\/#primaryimage\",\"url\":\"https:\/\/navigator-polska.com\/wp-content\/uploads\/2023\/10\/biuro-tlo-1536x864.png\",\"contentUrl\":\"https:\/\/navigator-polska.com\/wp-content\/uploads\/2023\/10\/biuro-tlo-1536x864.png\"},{\"@type\":\"BreadcrumbList\",\"@id\":\"https:\/\/navigator-polska.com\/onas\/#breadcrumb\",\"itemListElement\":[{\"@type\":\"ListItem\",\"position\":1,\"name\":\"Home\",\"item\":\"https:\/\/navigator-polska.com\/\"},{\"@type\":\"ListItem\",\"position\":2,\"name\":\"O nas\"}]},{\"@type\":\"WebSite\",\"@id\":\"https:\/\/navigator-polska.com\/#website\",\"url\":\"https:\/\/navigator-polska.com\/\",\"name\":\"Navigator Polska\",\"description\":\"Wiele marek w jednym miejscu\",\"publisher\":{\"@id\":\"https:\/\/navigator-polska.com\/#organization\"},\"potentialAction\":[{\"@type\":\"SearchAction\",\"target\":{\"@type\":\"EntryPoint\",\"urlTemplate\":\"https:\/\/navigator-polska.com\/?s={search_term_string}\"},\"query-input\":{\"@type\":\"PropertyValueSpecification\",\"valueRequired\":true,\"valueName\":\"search_term_string\"}}],\"inLanguage\":\"fr-FR\"},{\"@type\":\"Organization\",\"@id\":\"https:\/\/navigator-polska.com\/#organization\",\"name\":\"Navigator Polska\",\"url\":\"https:\/\/navigator-polska.com\/\",\"logo\":{\"@type\":\"ImageObject\",\"inLanguage\":\"fr-FR\",\"@id\":\"https:\/\/navigator-polska.com\/#\/schema\/logo\/image\/\",\"url\":\"https:\/\/navigator-polska.com\/wp-content\/uploads\/2023\/09\/logo-1.png\",\"contentUrl\":\"https:\/\/navigator-polska.com\/wp-content\/uploads\/2023\/09\/logo-1.png\",\"width\":1575,\"height\":442,\"caption\":\"Navigator Polska\"},\"image\":{\"@id\":\"https:\/\/navigator-polska.com\/#\/schema\/logo\/image\/\"}}]}<\/script>\n<!-- \/ Yoast SEO plugin. -->","yoast_head_json":{"title":"Navigator Polska - Wiele marek w jednym miejscu","robots":{"index":"index","follow":"follow","max-snippet":"max-snippet:-1","max-image-preview":"max-image-preview:large","max-video-preview":"max-video-preview:-1"},"canonical":"https:\/\/navigator-polska.com\/fr\/onas\/","og_locale":"fr_FR","og_type":"article","og_title":"Navigator Polska - Wiele marek w jednym miejscu","og_description":"Navigator Polska od lat zaznacza istnienie swojej marki na polskim rynku handlowym. Firma pod wodz\u0105 Marcina Pilaci\u0144skiego jest jednym z najbardziej rozpoznawalnych dystrybutor\u00f3w FMCG, czyli Fast Movins Consumer Goods \u2013 produkt\u00f3w szybkozbywalnych. Powsta\u0142a w 2012 roku firma systematycznie osi\u0105ga coraz to lepsz\u0105 pozycj\u0119 na rynku FMCG. Zosta\u0142a doceniona m.in. przez Gazele Biznesu oraz Diamenty Forbesa....","og_url":"https:\/\/navigator-polska.com\/fr\/onas\/","og_site_name":"Navigator Polska","article_modified_time":"2024-08-14T10:46:54+00:00","og_image":[{"url":"https:\/\/navigator-polska.com\/wp-content\/uploads\/2023\/10\/biuro-tlo-1536x864.png","type":"","width":"","height":""}],"twitter_card":"summary_large_image","twitter_misc":{"Dur\u00e9e de lecture estim\u00e9e":"3 minutes"},"schema":{"@context":"https:\/\/schema.org","@graph":[{"@type":"WebPage","@id":"https:\/\/navigator-polska.com\/onas\/","url":"https:\/\/navigator-polska.com\/onas\/","name":"Navigator Polska - Wiele marek w jednym miejscu","isPartOf":{"@id":"https:\/\/navigator-polska.com\/#website"},"primaryImageOfPage":{"@id":"https:\/\/navigator-polska.com\/onas\/#primaryimage"},"image":{"@id":"https:\/\/navigator-polska.com\/onas\/#primaryimage"},"thumbnailUrl":"https:\/\/navigator-polska.com\/wp-content\/uploads\/2023\/10\/biuro-tlo-1536x864.png","datePublished":"2023-09-21T08:35:20+00:00","dateModified":"2024-08-14T10:46:54+00:00","breadcrumb":{"@id":"https:\/\/navigator-polska.com\/onas\/#breadcrumb"},"inLanguage":"fr-FR","potentialAction":[{"@type":"ReadAction","target":["https:\/\/navigator-polska.com\/onas\/"]}]},{"@type":"ImageObject","inLanguage":"fr-FR","@id":"https:\/\/navigator-polska.com\/onas\/#primaryimage","url":"https:\/\/navigator-polska.com\/wp-content\/uploads\/2023\/10\/biuro-tlo-1536x864.png","contentUrl":"https:\/\/navigator-polska.com\/wp-content\/uploads\/2023\/10\/biuro-tlo-1536x864.png"},{"@type":"BreadcrumbList","@id":"https:\/\/navigator-polska.com\/onas\/#breadcrumb","itemListElement":[{"@type":"ListItem","position":1,"name":"Home","item":"https:\/\/navigator-polska.com\/"},{"@type":"ListItem","position":2,"name":"O nas"}]},{"@type":"WebSite","@id":"https:\/\/navigator-polska.com\/#website","url":"https:\/\/navigator-polska.com\/","name":"Navigator Polska","description":"Wiele marek w jednym miejscu","publisher":{"@id":"https:\/\/navigator-polska.com\/#organization"},"potentialAction":[{"@type":"SearchAction","target":{"@type":"EntryPoint","urlTemplate":"https:\/\/navigator-polska.com\/?s={search_term_string}"},"query-input":{"@type":"PropertyValueSpecification","valueRequired":true,"valueName":"search_term_string"}}],"inLanguage":"fr-FR"},{"@type":"Organization","@id":"https:\/\/navigator-polska.com\/#organization","name":"Navigator Polska","url":"https:\/\/navigator-polska.com\/","logo":{"@type":"ImageObject","inLanguage":"fr-FR","@id":"https:\/\/navigator-polska.com\/#\/schema\/logo\/image\/","url":"https:\/\/navigator-polska.com\/wp-content\/uploads\/2023\/09\/logo-1.png","contentUrl":"https:\/\/navigator-polska.com\/wp-content\/uploads\/2023\/09\/logo-1.png","width":1575,"height":442,"caption":"Navigator Polska"},"image":{"@id":"https:\/\/navigator-polska.com\/#\/schema\/logo\/image\/"}}]}},"_links":{"self":[{"href":"https:\/\/navigator-polska.com\/fr\/wp-json\/wp\/v2\/pages\/132","targetHints":{"allow":["GET"]}}],"collection":[{"href":"https:\/\/navigator-polska.com\/fr\/wp-json\/wp\/v2\/pages"}],"about":[{"href":"https:\/\/navigator-polska.com\/fr\/wp-json\/wp\/v2\/types\/page"}],"author":[{"embeddable":true,"href":"https:\/\/navigator-polska.com\/fr\/wp-json\/wp\/v2\/users\/2"}],"replies":[{"embeddable":true,"href":"https:\/\/navigator-polska.com\/fr\/wp-json\/wp\/v2\/comments?post=132"}],"version-history":[{"count":72,"href":"https:\/\/navigator-polska.com\/fr\/wp-json\/wp\/v2\/pages\/132\/revisions"}],"predecessor-version":[{"id":1940,"href":"https:\/\/navigator-polska.com\/fr\/wp-json\/wp\/v2\/pages\/132\/revisions\/1940"}],"wp:attachment":[{"href":"https:\/\/navigator-polska.com\/fr\/wp-json\/wp\/v2\/media?parent=132"}],"curies":[{"name":"wp","href":"https:\/\/api.w.org\/{rel}","templated":true}]}}