{"id":1330,"date":"2024-07-08T12:05:26","date_gmt":"2024-07-08T10:05:26","guid":{"rendered":"https:\/\/navigator-polska.com\/?page_id=1330"},"modified":"2024-12-05T13:58:39","modified_gmt":"2024-12-05T12:58:39","slug":"sklad-celno-podatkowy","status":"publish","type":"page","link":"https:\/\/navigator-polska.com\/en\/sklad-celno-podatkowy\/","title":{"rendered":"Sk\u0142ad Celno &#8211; Podatkowy"},"content":{"rendered":"<div data-elementor-type=\"wp-page\" data-elementor-id=\"1330\" class=\"elementor elementor-1330\" data-elementor-post-type=\"page\">\n\t\t\t\t<div class=\"elementor-element elementor-element-3c1346d e-flex e-con-boxed e-con e-parent\" data-id=\"3c1346d\" data-element_type=\"container\">\n\t\t\t\t\t<div class=\"e-con-inner\">\n\t\t\t\t<div class=\"elementor-element elementor-element-a273c13 elementor-widget elementor-widget-text-editor\" data-id=\"a273c13\" data-element_type=\"widget\" data-widget_type=\"text-editor.default\">\n\t\t\t\t<div class=\"elementor-widget-container\">\n\t\t\t\t\t\t\t\t\t<p>W zwi\u0105zku ze zmian\u0105 lokalizacji i mocnym rozwojem dzia\u0142u eksportu postanowili\u015bmy postara\u0107 si\u0119 o pozwolenie na prowadzenie sk\u0142adu celnego i sk\u0142adu podatkowego. Lubimy by\u0107 zale\u017cni tylko od w\u0142asnych mo\u017cliwo\u015bci. UDA\u0141O SI\u0118! Je\u015bli dokonujesz importu\/exportu i chcesz przechowywa\u0107 towary nieunijne z mo\u017cliwo\u015bci\u0105 zawieszenia zap\u0142aty nale\u017cno\u015bci celnych i podatkowych ZAPRASZAMY DO KONTAKTU:\u00a0<\/p>\t\t\t\t\t\t\t\t<\/div>\n\t\t\t\t<\/div>\n\t\t\t\t\t<\/div>\n\t\t\t\t<\/div>\n\t\t<div class=\"elementor-element elementor-element-fd1ce75 e-flex e-con-boxed e-con e-parent\" data-id=\"fd1ce75\" data-element_type=\"container\">\n\t\t\t\t\t<div class=\"e-con-inner\">\n\t\t<div class=\"elementor-element elementor-element-a5e13ab e-con-full e-flex e-con e-child\" data-id=\"a5e13ab\" data-element_type=\"container\">\n\t\t\t\t<div class=\"elementor-element elementor-element-1244660 elementor-widget elementor-widget-image\" data-id=\"1244660\" data-element_type=\"widget\" data-widget_type=\"image.default\">\n\t\t\t\t<div class=\"elementor-widget-container\">\n\t\t\t\t\t\t\t\t\t\t\t\t\t\t\t<img fetchpriority=\"high\" decoding=\"async\" width=\"768\" height=\"1152\" src=\"https:\/\/navigator-polska.com\/wp-content\/uploads\/2023\/09\/Marcin-1-768x1152.jpg\" class=\"attachment-medium_large size-medium_large wp-image-540\" alt=\"\" srcset=\"https:\/\/navigator-polska.com\/wp-content\/uploads\/2023\/09\/Marcin-1-768x1152.jpg 768w, https:\/\/navigator-polska.com\/wp-content\/uploads\/2023\/09\/Marcin-1-200x300.jpg 200w, https:\/\/navigator-polska.com\/wp-content\/uploads\/2023\/09\/Marcin-1-682x1024.jpg 682w, https:\/\/navigator-polska.com\/wp-content\/uploads\/2023\/09\/Marcin-1-1024x1536.jpg 1024w, https:\/\/navigator-polska.com\/wp-content\/uploads\/2023\/09\/Marcin-1-1365x2048.jpg 1365w, https:\/\/navigator-polska.com\/wp-content\/uploads\/2023\/09\/Marcin-1-scaled.jpg 1706w\" sizes=\"(max-width: 768px) 100vw, 768px\" \/>\t\t\t\t\t\t\t\t\t\t\t\t\t\t\t<\/div>\n\t\t\t\t<\/div>\n\t\t\t\t<div class=\"elementor-element elementor-element-608f795 elementor-widget elementor-widget-text-editor\" data-id=\"608f795\" data-element_type=\"widget\" data-widget_type=\"text-editor.default\">\n\t\t\t\t<div class=\"elementor-widget-container\">\n\t\t\t\t\t\t\t\t\t<h2 style=\"text-align: center;\">Marcin<\/h2><h6 style=\"text-align: center;\">+48 516 011 306 <br \/><a href=\"mailto:marcin@navigator-polska.com\">marcin@navigator-polska.com<\/a><\/h6>\t\t\t\t\t\t\t\t<\/div>\n\t\t\t\t<\/div>\n\t\t\t\t<\/div>\n\t\t<div class=\"elementor-element elementor-element-9841a72 e-con-full e-flex e-con e-child\" data-id=\"9841a72\" data-element_type=\"container\">\n\t\t\t\t<div class=\"elementor-element elementor-element-afd8c03 elementor-widget elementor-widget-image\" data-id=\"afd8c03\" data-element_type=\"widget\" data-widget_type=\"image.default\">\n\t\t\t\t<div class=\"elementor-widget-container\">\n\t\t\t\t\t\t\t\t\t\t\t\t\t\t\t<img decoding=\"async\" width=\"768\" height=\"1152\" src=\"https:\/\/navigator-polska.com\/wp-content\/uploads\/2023\/09\/Grzegorz-Surowiecki-NEW-768x1152.jpg\" class=\"attachment-medium_large size-medium_large wp-image-561\" alt=\"\" srcset=\"https:\/\/navigator-polska.com\/wp-content\/uploads\/2023\/09\/Grzegorz-Surowiecki-NEW-768x1152.jpg 768w, https:\/\/navigator-polska.com\/wp-content\/uploads\/2023\/09\/Grzegorz-Surowiecki-NEW-200x300.jpg 200w, https:\/\/navigator-polska.com\/wp-content\/uploads\/2023\/09\/Grzegorz-Surowiecki-NEW-683x1024.jpg 683w, https:\/\/navigator-polska.com\/wp-content\/uploads\/2023\/09\/Grzegorz-Surowiecki-NEW-1024x1536.jpg 1024w, https:\/\/navigator-polska.com\/wp-content\/uploads\/2023\/09\/Grzegorz-Surowiecki-NEW-1365x2048.jpg 1365w, https:\/\/navigator-polska.com\/wp-content\/uploads\/2023\/09\/Grzegorz-Surowiecki-NEW-scaled.jpg 1707w\" sizes=\"(max-width: 768px) 100vw, 768px\" \/>\t\t\t\t\t\t\t\t\t\t\t\t\t\t\t<\/div>\n\t\t\t\t<\/div>\n\t\t\t\t<div class=\"elementor-element elementor-element-6f02fc5 elementor-widget elementor-widget-text-editor\" data-id=\"6f02fc5\" data-element_type=\"widget\" data-widget_type=\"text-editor.default\">\n\t\t\t\t<div class=\"elementor-widget-container\">\n\t\t\t\t\t\t\t\t\t<h2 style=\"text-align: center;\">Grzegorz<\/h2><h6 style=\"text-align: center;\">+48 535 406 385<\/h6><h6 style=\"text-align: center;\"><a href=\"mailto:grzegorz@navigator-polska.com\">grzegorz@navigator-polska.com<\/a><\/h6>\t\t\t\t\t\t\t\t<\/div>\n\t\t\t\t<\/div>\n\t\t\t\t<\/div>\n\t\t\t\t\t<\/div>\n\t\t\t\t<\/div>\n\t\t<div class=\"elementor-element elementor-element-7d36981 e-flex e-con-boxed e-con e-parent\" data-id=\"7d36981\" data-element_type=\"container\">\n\t\t\t\t\t<div class=\"e-con-inner\">\n\t\t\t\t<div class=\"elementor-element elementor-element-cff9bf7 elementor-widget elementor-widget-text-editor\" data-id=\"cff9bf7\" data-element_type=\"widget\" data-widget_type=\"text-editor.default\">\n\t\t\t\t<div class=\"elementor-widget-container\">\n\t\t\t\t\t\t\t\t\t<hr \/><p>A customs warehouse is a separate warehouse within the territory of the European Union for storing non-EU goods under customs supervision. It allows goods to be stored without paying customs duties and other taxes. Customs duties are not charged until the goods leave the warehouse.<\/p><p>An entrepreneur using a bonded warehouse provides himself with considerable savings. On non-EU goods that he brings into the customs warehouse, he postpones the payment of customs duties until they are actually used in trade. Goods from the customs warehouse may be released in whole or in part for circulation within the European Union, or directed for re-export.<\/p>\t\t\t\t\t\t\t\t<\/div>\n\t\t\t\t<\/div>\n\t\t\t\t\t<\/div>\n\t\t\t\t<\/div>\n\t\t<div class=\"elementor-element elementor-element-45eb474 e-flex e-con-boxed e-con e-parent\" data-id=\"45eb474\" data-element_type=\"container\">\n\t\t\t\t\t<div class=\"e-con-inner\">\n\t\t\t\t<div class=\"elementor-element elementor-element-4eede19 elementor-widget elementor-widget-image\" data-id=\"4eede19\" data-element_type=\"widget\" data-widget_type=\"image.default\">\n\t\t\t\t<div class=\"elementor-widget-container\">\n\t\t\t\t\t\t\t\t\t\t\t\t\t\t\t<img decoding=\"async\" width=\"1024\" height=\"1024\" src=\"https:\/\/navigator-polska.com\/wp-content\/uploads\/2024\/07\/regaly.webp\" class=\"attachment-large size-large wp-image-1347\" alt=\"\" srcset=\"https:\/\/navigator-polska.com\/wp-content\/uploads\/2024\/07\/regaly.webp 1024w, https:\/\/navigator-polska.com\/wp-content\/uploads\/2024\/07\/regaly-300x300.webp 300w, https:\/\/navigator-polska.com\/wp-content\/uploads\/2024\/07\/regaly-150x150.webp 150w, https:\/\/navigator-polska.com\/wp-content\/uploads\/2024\/07\/regaly-768x768.webp 768w, https:\/\/navigator-polska.com\/wp-content\/uploads\/2024\/07\/regaly-120x120.webp 120w, https:\/\/navigator-polska.com\/wp-content\/uploads\/2024\/07\/regaly-12x12.webp 12w\" sizes=\"(max-width: 1024px) 100vw, 1024px\" \/>\t\t\t\t\t\t\t\t\t\t\t\t\t\t\t<\/div>\n\t\t\t\t<\/div>\n\t\t\t\t\t<\/div>\n\t\t\t\t<\/div>\n\t\t\t\t<\/div>","protected":false},"excerpt":{"rendered":"<p>W zwi\u0105zku ze zmian\u0105 lokalizacji i mocnym rozwojem dzia\u0142u eksportu postanowili\u015bmy postara\u0107 si\u0119 o pozwolenie na prowadzenie sk\u0142adu celnego i sk\u0142adu podatkowego. Lubimy by\u0107 zale\u017cni tylko od w\u0142asnych mo\u017cliwo\u015bci. UDA\u0141O SI\u0118! Je\u015bli dokonujesz importu\/exportu i chcesz przechowywa\u0107 towary nieunijne z mo\u017cliwo\u015bci\u0105 zawieszenia zap\u0142aty nale\u017cno\u015bci celnych i podatkowych ZAPRASZAMY DO KONTAKTU:\u00a0 Marcin +48 516 011 306&#8230;<\/p>","protected":false},"author":2,"featured_media":0,"parent":0,"menu_order":0,"comment_status":"closed","ping_status":"closed","template":"","meta":{"footnotes":""},"class_list":["post-1330","page","type-page","status-publish","hentry"],"yoast_head":"<!-- This site is optimized with the Yoast SEO plugin v24.3 - https:\/\/yoast.com\/wordpress\/plugins\/seo\/ -->\n<title>Navigator Polska - Wiele marek w jednym miejscu<\/title>\n<meta name=\"robots\" content=\"index, follow, max-snippet:-1, max-image-preview:large, max-video-preview:-1\" \/>\n<link rel=\"canonical\" href=\"https:\/\/navigator-polska.com\/en\/sklad-celno-podatkowy\/\" \/>\n<meta property=\"og:locale\" content=\"en_US\" \/>\n<meta property=\"og:type\" content=\"article\" \/>\n<meta property=\"og:title\" content=\"Navigator Polska - Wiele marek w jednym miejscu\" \/>\n<meta property=\"og:description\" content=\"W zwi\u0105zku ze zmian\u0105 lokalizacji i mocnym rozwojem dzia\u0142u eksportu postanowili\u015bmy postara\u0107 si\u0119 o pozwolenie na prowadzenie sk\u0142adu celnego i sk\u0142adu podatkowego. Lubimy by\u0107 zale\u017cni tylko od w\u0142asnych mo\u017cliwo\u015bci. UDA\u0141O SI\u0118! Je\u015bli dokonujesz importu\/exportu i chcesz przechowywa\u0107 towary nieunijne z mo\u017cliwo\u015bci\u0105 zawieszenia zap\u0142aty nale\u017cno\u015bci celnych i podatkowych ZAPRASZAMY DO KONTAKTU:\u00a0 Marcin +48 516 011 306...\" \/>\n<meta property=\"og:url\" content=\"https:\/\/navigator-polska.com\/en\/sklad-celno-podatkowy\/\" \/>\n<meta property=\"og:site_name\" content=\"Navigator Polska\" \/>\n<meta property=\"article:modified_time\" content=\"2024-12-05T12:58:39+00:00\" \/>\n<meta property=\"og:image\" content=\"https:\/\/navigator-polska.com\/wp-content\/uploads\/2023\/09\/Marcin-1-768x1152.jpg\" \/>\n<meta name=\"twitter:card\" content=\"summary_large_image\" \/>\n<meta name=\"twitter:label1\" content=\"Est. reading time\" \/>\n\t<meta name=\"twitter:data1\" content=\"2 minutes\" \/>\n<script type=\"application\/ld+json\" class=\"yoast-schema-graph\">{\"@context\":\"https:\/\/schema.org\",\"@graph\":[{\"@type\":\"WebPage\",\"@id\":\"https:\/\/navigator-polska.com\/sklad-celno-podatkowy\/\",\"url\":\"https:\/\/navigator-polska.com\/sklad-celno-podatkowy\/\",\"name\":\"Navigator Polska - Wiele marek w jednym miejscu\",\"isPartOf\":{\"@id\":\"https:\/\/navigator-polska.com\/#website\"},\"primaryImageOfPage\":{\"@id\":\"https:\/\/navigator-polska.com\/sklad-celno-podatkowy\/#primaryimage\"},\"image\":{\"@id\":\"https:\/\/navigator-polska.com\/sklad-celno-podatkowy\/#primaryimage\"},\"thumbnailUrl\":\"https:\/\/navigator-polska.com\/wp-content\/uploads\/2023\/09\/Marcin-1-768x1152.jpg\",\"datePublished\":\"2024-07-08T10:05:26+00:00\",\"dateModified\":\"2024-12-05T12:58:39+00:00\",\"breadcrumb\":{\"@id\":\"https:\/\/navigator-polska.com\/sklad-celno-podatkowy\/#breadcrumb\"},\"inLanguage\":\"en-US\",\"potentialAction\":[{\"@type\":\"ReadAction\",\"target\":[\"https:\/\/navigator-polska.com\/sklad-celno-podatkowy\/\"]}]},{\"@type\":\"ImageObject\",\"inLanguage\":\"en-US\",\"@id\":\"https:\/\/navigator-polska.com\/sklad-celno-podatkowy\/#primaryimage\",\"url\":\"https:\/\/navigator-polska.com\/wp-content\/uploads\/2023\/09\/Marcin-1-768x1152.jpg\",\"contentUrl\":\"https:\/\/navigator-polska.com\/wp-content\/uploads\/2023\/09\/Marcin-1-768x1152.jpg\"},{\"@type\":\"BreadcrumbList\",\"@id\":\"https:\/\/navigator-polska.com\/sklad-celno-podatkowy\/#breadcrumb\",\"itemListElement\":[{\"@type\":\"ListItem\",\"position\":1,\"name\":\"Home\",\"item\":\"https:\/\/navigator-polska.com\/\"},{\"@type\":\"ListItem\",\"position\":2,\"name\":\"Sk\u0142ad Celno &#8211; Podatkowy\"}]},{\"@type\":\"WebSite\",\"@id\":\"https:\/\/navigator-polska.com\/#website\",\"url\":\"https:\/\/navigator-polska.com\/\",\"name\":\"Navigator Polska\",\"description\":\"Wiele marek w jednym miejscu\",\"publisher\":{\"@id\":\"https:\/\/navigator-polska.com\/#organization\"},\"potentialAction\":[{\"@type\":\"SearchAction\",\"target\":{\"@type\":\"EntryPoint\",\"urlTemplate\":\"https:\/\/navigator-polska.com\/?s={search_term_string}\"},\"query-input\":{\"@type\":\"PropertyValueSpecification\",\"valueRequired\":true,\"valueName\":\"search_term_string\"}}],\"inLanguage\":\"en-US\"},{\"@type\":\"Organization\",\"@id\":\"https:\/\/navigator-polska.com\/#organization\",\"name\":\"Navigator Polska\",\"url\":\"https:\/\/navigator-polska.com\/\",\"logo\":{\"@type\":\"ImageObject\",\"inLanguage\":\"en-US\",\"@id\":\"https:\/\/navigator-polska.com\/#\/schema\/logo\/image\/\",\"url\":\"https:\/\/navigator-polska.com\/wp-content\/uploads\/2023\/09\/logo-1.png\",\"contentUrl\":\"https:\/\/navigator-polska.com\/wp-content\/uploads\/2023\/09\/logo-1.png\",\"width\":1575,\"height\":442,\"caption\":\"Navigator Polska\"},\"image\":{\"@id\":\"https:\/\/navigator-polska.com\/#\/schema\/logo\/image\/\"}}]}<\/script>\n<!-- \/ Yoast SEO plugin. -->","yoast_head_json":{"title":"Navigator Polska - Wiele marek w jednym miejscu","robots":{"index":"index","follow":"follow","max-snippet":"max-snippet:-1","max-image-preview":"max-image-preview:large","max-video-preview":"max-video-preview:-1"},"canonical":"https:\/\/navigator-polska.com\/en\/sklad-celno-podatkowy\/","og_locale":"en_US","og_type":"article","og_title":"Navigator Polska - Wiele marek w jednym miejscu","og_description":"W zwi\u0105zku ze zmian\u0105 lokalizacji i mocnym rozwojem dzia\u0142u eksportu postanowili\u015bmy postara\u0107 si\u0119 o pozwolenie na prowadzenie sk\u0142adu celnego i sk\u0142adu podatkowego. Lubimy by\u0107 zale\u017cni tylko od w\u0142asnych mo\u017cliwo\u015bci. UDA\u0141O SI\u0118! Je\u015bli dokonujesz importu\/exportu i chcesz przechowywa\u0107 towary nieunijne z mo\u017cliwo\u015bci\u0105 zawieszenia zap\u0142aty nale\u017cno\u015bci celnych i podatkowych ZAPRASZAMY DO KONTAKTU:\u00a0 Marcin +48 516 011 306...","og_url":"https:\/\/navigator-polska.com\/en\/sklad-celno-podatkowy\/","og_site_name":"Navigator Polska","article_modified_time":"2024-12-05T12:58:39+00:00","og_image":[{"url":"https:\/\/navigator-polska.com\/wp-content\/uploads\/2023\/09\/Marcin-1-768x1152.jpg","type":"","width":"","height":""}],"twitter_card":"summary_large_image","twitter_misc":{"Est. reading time":"2 minutes"},"schema":{"@context":"https:\/\/schema.org","@graph":[{"@type":"WebPage","@id":"https:\/\/navigator-polska.com\/sklad-celno-podatkowy\/","url":"https:\/\/navigator-polska.com\/sklad-celno-podatkowy\/","name":"Navigator Polska - Wiele marek w jednym miejscu","isPartOf":{"@id":"https:\/\/navigator-polska.com\/#website"},"primaryImageOfPage":{"@id":"https:\/\/navigator-polska.com\/sklad-celno-podatkowy\/#primaryimage"},"image":{"@id":"https:\/\/navigator-polska.com\/sklad-celno-podatkowy\/#primaryimage"},"thumbnailUrl":"https:\/\/navigator-polska.com\/wp-content\/uploads\/2023\/09\/Marcin-1-768x1152.jpg","datePublished":"2024-07-08T10:05:26+00:00","dateModified":"2024-12-05T12:58:39+00:00","breadcrumb":{"@id":"https:\/\/navigator-polska.com\/sklad-celno-podatkowy\/#breadcrumb"},"inLanguage":"en-US","potentialAction":[{"@type":"ReadAction","target":["https:\/\/navigator-polska.com\/sklad-celno-podatkowy\/"]}]},{"@type":"ImageObject","inLanguage":"en-US","@id":"https:\/\/navigator-polska.com\/sklad-celno-podatkowy\/#primaryimage","url":"https:\/\/navigator-polska.com\/wp-content\/uploads\/2023\/09\/Marcin-1-768x1152.jpg","contentUrl":"https:\/\/navigator-polska.com\/wp-content\/uploads\/2023\/09\/Marcin-1-768x1152.jpg"},{"@type":"BreadcrumbList","@id":"https:\/\/navigator-polska.com\/sklad-celno-podatkowy\/#breadcrumb","itemListElement":[{"@type":"ListItem","position":1,"name":"Home","item":"https:\/\/navigator-polska.com\/"},{"@type":"ListItem","position":2,"name":"Sk\u0142ad Celno &#8211; Podatkowy"}]},{"@type":"WebSite","@id":"https:\/\/navigator-polska.com\/#website","url":"https:\/\/navigator-polska.com\/","name":"Navigator Polska","description":"Wiele marek w jednym miejscu","publisher":{"@id":"https:\/\/navigator-polska.com\/#organization"},"potentialAction":[{"@type":"SearchAction","target":{"@type":"EntryPoint","urlTemplate":"https:\/\/navigator-polska.com\/?s={search_term_string}"},"query-input":{"@type":"PropertyValueSpecification","valueRequired":true,"valueName":"search_term_string"}}],"inLanguage":"en-US"},{"@type":"Organization","@id":"https:\/\/navigator-polska.com\/#organization","name":"Navigator Polska","url":"https:\/\/navigator-polska.com\/","logo":{"@type":"ImageObject","inLanguage":"en-US","@id":"https:\/\/navigator-polska.com\/#\/schema\/logo\/image\/","url":"https:\/\/navigator-polska.com\/wp-content\/uploads\/2023\/09\/logo-1.png","contentUrl":"https:\/\/navigator-polska.com\/wp-content\/uploads\/2023\/09\/logo-1.png","width":1575,"height":442,"caption":"Navigator Polska"},"image":{"@id":"https:\/\/navigator-polska.com\/#\/schema\/logo\/image\/"}}]}},"_links":{"self":[{"href":"https:\/\/navigator-polska.com\/en\/wp-json\/wp\/v2\/pages\/1330","targetHints":{"allow":["GET"]}}],"collection":[{"href":"https:\/\/navigator-polska.com\/en\/wp-json\/wp\/v2\/pages"}],"about":[{"href":"https:\/\/navigator-polska.com\/en\/wp-json\/wp\/v2\/types\/page"}],"author":[{"embeddable":true,"href":"https:\/\/navigator-polska.com\/en\/wp-json\/wp\/v2\/users\/2"}],"replies":[{"embeddable":true,"href":"https:\/\/navigator-polska.com\/en\/wp-json\/wp\/v2\/comments?post=1330"}],"version-history":[{"count":10,"href":"https:\/\/navigator-polska.com\/en\/wp-json\/wp\/v2\/pages\/1330\/revisions"}],"predecessor-version":[{"id":2688,"href":"https:\/\/navigator-polska.com\/en\/wp-json\/wp\/v2\/pages\/1330\/revisions\/2688"}],"wp:attachment":[{"href":"https:\/\/navigator-polska.com\/en\/wp-json\/wp\/v2\/media?parent=1330"}],"curies":[{"name":"wp","href":"https:\/\/api.w.org\/{rel}","templated":true}]}}